{"id":1009,"date":"2021-06-04T06:33:39","date_gmt":"2021-06-04T06:33:39","guid":{"rendered":"https:\/\/thanhlongviet.vn\/lien-he\/"},"modified":"2024-11-19T15:16:24","modified_gmt":"2024-11-19T08:16:24","slug":"https-thanhlongviet-vn-lien-he","status":"publish","type":"page","link":"https:\/\/thanhlongviet.vn\/en\/https-thanhlongviet-vn-lien-he\/","title":{"rendered":"Li\u00ean h\u1ec7"},"content":{"rendered":"","protected":false},"excerpt":{"rendered":"","protected":false},"author":1,"featured_media":2977,"parent":0,"menu_order":0,"comment_status":"closed","ping_status":"closed","template":"templates\/contact.php","meta":[],"yoast_head":"<!-- This site is optimized with the Yoast SEO plugin v16.7 - https:\/\/yoast.com\/wordpress\/plugins\/seo\/ -->\n<title>Li\u00ean h\u1ec7 - Thanh Long Vi\u1ec7t<\/title>\n<meta name=\"description\" content=\"Li\u00ean H\u1ec7 v\u1edbi ch\u00fang t\u00f4i. G\u1eedi th\u00f4ng tin li\u00ean h\u1ec7 \u0111\u1ec3 \u0111\u01b0\u1ee3c t\u01b0 v\u1ea5n v\u00e0 gi\u1ea3i \u0111\u00e1p th\u1eafc m\u1eafc\" \/>\n<meta name=\"robots\" content=\"index, follow, max-snippet:-1, max-image-preview:large, max-video-preview:-1\" \/>\n<link rel=\"canonical\" href=\"https:\/\/thanhlongviet.vn\/en\/https-thanhlongviet-vn-lien-he\/\" \/>\n<meta property=\"og:locale\" content=\"en_US\" \/>\n<meta property=\"og:type\" content=\"article\" \/>\n<meta property=\"og:title\" content=\"Li\u00ean h\u1ec7\" \/>\n<meta property=\"og:description\" content=\"Li\u00ean H\u1ec7 v\u1edbi ch\u00fang t\u00f4i. G\u1eedi th\u00f4ng tin li\u00ean h\u1ec7 \u0111\u1ec3 \u0111\u01b0\u1ee3c t\u01b0 v\u1ea5n v\u00e0 gi\u1ea3i \u0111\u00e1p th\u1eafc m\u1eafc\" \/>\n<meta property=\"og:url\" content=\"https:\/\/thanhlongviet.vn\/en\/https-thanhlongviet-vn-lien-he\/\" \/>\n<meta property=\"og:site_name\" content=\"Thanh Long Vi\u1ec7t\" \/>\n<meta property=\"article:publisher\" content=\"https:\/\/www.facebook.com\/lienanhfoodsvn\" \/>\n<meta property=\"article:modified_time\" content=\"2024-11-19T08:16:24+00:00\" \/>\n<meta property=\"og:image\" content=\"https:\/\/thanhlongviet.vn\/wp-content\/uploads\/2024\/11\/home-ve-chung-toi-1-e1731469050178.png\" \/>\n\t<meta property=\"og:image:width\" content=\"550\" \/>\n\t<meta property=\"og:image:height\" content=\"550\" \/>\n<meta name=\"twitter:card\" content=\"summary_large_image\" \/>\n<script type=\"application\/ld+json\" class=\"yoast-schema-graph\">{\"@context\":\"https:\/\/schema.org\",\"@graph\":[{\"@type\":\"Organization\",\"@id\":\"https:\/\/thanhlongviet.vn\/#organization\",\"name\":\"LI\\u00caN ANH FOODS\",\"url\":\"https:\/\/thanhlongviet.vn\/\",\"sameAs\":[\"https:\/\/www.facebook.com\/lienanhfoodsvn\",\"https:\/\/www.youtube.com\/channel\/UCNarMQBwcqy9EW_zNSotO8w\"],\"logo\":{\"@type\":\"ImageObject\",\"@id\":\"https:\/\/thanhlongviet.vn\/#logo\",\"inLanguage\":\"en-US\",\"url\":\"https:\/\/thanhlongviet.vn\/wp-content\/uploads\/2021\/08\/LAF_150x150.png\",\"contentUrl\":\"https:\/\/thanhlongviet.vn\/wp-content\/uploads\/2021\/08\/LAF_150x150.png\",\"width\":150,\"height\":150,\"caption\":\"LI\\u00caN ANH FOODS\"},\"image\":{\"@id\":\"https:\/\/thanhlongviet.vn\/#logo\"}},{\"@type\":\"WebSite\",\"@id\":\"https:\/\/thanhlongviet.vn\/#website\",\"url\":\"https:\/\/thanhlongviet.vn\/\",\"name\":\"Thanh Long Vi\\u1ec7t\",\"description\":\"C\\u00f4ng ty TNHH Xu\\u1ea5t Kh\\u1ea9u Thanh Long Vi\\u1ec7t \\u0111\\u01b0\\u1ee3c th\\u00e0nh l\\u1eadp t\\u1eeb n\\u0103m 2016 v\\u1edbi s\\u1ee9 m\\u1ec7nh th\\u00fac \\u0111\\u1ea9y s\\u1ef1 ph\\u00e1t tri\\u1ec3n n\\u00f4ng s\\u1ea3n Vi\\u1ec7t Nam. V\\u1edbi h\\u01a1n 8 n\\u0103m kinh nghi\\u1ec7m trong l\\u0129nh v\\u1ef1c, Thanh Long Vi\\u1ec7t l\\u00e0 nh\\u00e0 m\\u00e1y ch\\u1ebf bi\\u1ebfn, \\u0111\\u00f3ng g\\u00f3i, xu\\u1ea5t kh\\u1ea9u tr\\u00e1i c\\u00e2y, n\\u00f4ng s\\u1ea3n t\\u01b0\\u01a1i v\\u00e0 \\u0111\\u00f4ng l\\u1ea1nh\",\"publisher\":{\"@id\":\"https:\/\/thanhlongviet.vn\/#organization\"},\"potentialAction\":[{\"@type\":\"SearchAction\",\"target\":{\"@type\":\"EntryPoint\",\"urlTemplate\":\"https:\/\/thanhlongviet.vn\/?s={search_term_string}\"},\"query-input\":\"required name=search_term_string\"}],\"inLanguage\":\"en-US\"},{\"@type\":\"ImageObject\",\"@id\":\"https:\/\/thanhlongviet.vn\/en\/https-thanhlongviet-vn-lien-he\/#primaryimage\",\"inLanguage\":\"en-US\",\"url\":\"https:\/\/thanhlongviet.vn\/wp-content\/uploads\/2024\/11\/home-ve-chung-toi-1-e1731469050178.png\",\"contentUrl\":\"https:\/\/thanhlongviet.vn\/wp-content\/uploads\/2024\/11\/home-ve-chung-toi-1-e1731469050178.png\",\"width\":550,\"height\":550,\"caption\":\"Nh\\u00e0 m\\u00e1y Thanh Long Vi\\u1ec7t\"},{\"@type\":\"WebPage\",\"@id\":\"https:\/\/thanhlongviet.vn\/en\/https-thanhlongviet-vn-lien-he\/#webpage\",\"url\":\"https:\/\/thanhlongviet.vn\/en\/https-thanhlongviet-vn-lien-he\/\",\"name\":\"Li\\u00ean h\\u1ec7 - Thanh Long Vi\\u1ec7t\",\"isPartOf\":{\"@id\":\"https:\/\/thanhlongviet.vn\/#website\"},\"primaryImageOfPage\":{\"@id\":\"https:\/\/thanhlongviet.vn\/en\/https-thanhlongviet-vn-lien-he\/#primaryimage\"},\"datePublished\":\"2021-06-04T06:33:39+00:00\",\"dateModified\":\"2024-11-19T08:16:24+00:00\",\"description\":\"Li\\u00ean H\\u1ec7 v\\u1edbi ch\\u00fang t\\u00f4i. G\\u1eedi th\\u00f4ng tin li\\u00ean h\\u1ec7 \\u0111\\u1ec3 \\u0111\\u01b0\\u1ee3c t\\u01b0 v\\u1ea5n v\\u00e0 gi\\u1ea3i \\u0111\\u00e1p th\\u1eafc m\\u1eafc\",\"breadcrumb\":{\"@id\":\"https:\/\/thanhlongviet.vn\/en\/https-thanhlongviet-vn-lien-he\/#breadcrumb\"},\"inLanguage\":\"en-US\",\"potentialAction\":[{\"@type\":\"ReadAction\",\"target\":[\"https:\/\/thanhlongviet.vn\/en\/https-thanhlongviet-vn-lien-he\/\"]}]},{\"@type\":\"BreadcrumbList\",\"@id\":\"https:\/\/thanhlongviet.vn\/en\/https-thanhlongviet-vn-lien-he\/#breadcrumb\",\"itemListElement\":[{\"@type\":\"ListItem\",\"position\":1,\"name\":\"Home\",\"item\":\"https:\/\/thanhlongviet.vn\/en\/trang-chu\/\"},{\"@type\":\"ListItem\",\"position\":2,\"name\":\"Li\\u00ean h\\u1ec7\"}]}]}<\/script>\n<!-- \/ Yoast SEO plugin. -->","yoast_head_json":{"title":"Li\u00ean h\u1ec7 - Thanh Long Vi\u1ec7t","description":"Li\u00ean H\u1ec7 v\u1edbi ch\u00fang t\u00f4i. G\u1eedi th\u00f4ng tin li\u00ean h\u1ec7 \u0111\u1ec3 \u0111\u01b0\u1ee3c t\u01b0 v\u1ea5n v\u00e0 gi\u1ea3i \u0111\u00e1p th\u1eafc m\u1eafc","robots":{"index":"index","follow":"follow","max-snippet":"max-snippet:-1","max-image-preview":"max-image-preview:large","max-video-preview":"max-video-preview:-1"},"canonical":"https:\/\/thanhlongviet.vn\/en\/https-thanhlongviet-vn-lien-he\/","og_locale":"en_US","og_type":"article","og_title":"Li\u00ean h\u1ec7","og_description":"Li\u00ean H\u1ec7 v\u1edbi ch\u00fang t\u00f4i. G\u1eedi th\u00f4ng tin li\u00ean h\u1ec7 \u0111\u1ec3 \u0111\u01b0\u1ee3c t\u01b0 v\u1ea5n v\u00e0 gi\u1ea3i \u0111\u00e1p th\u1eafc m\u1eafc","og_url":"https:\/\/thanhlongviet.vn\/en\/https-thanhlongviet-vn-lien-he\/","og_site_name":"Thanh Long Vi\u1ec7t","article_publisher":"https:\/\/www.facebook.com\/lienanhfoodsvn","article_modified_time":"2024-11-19T08:16:24+00:00","og_image":[{"width":550,"height":550,"url":"https:\/\/thanhlongviet.vn\/wp-content\/uploads\/2024\/11\/home-ve-chung-toi-1-e1731469050178.png","path":"\/home\/thanhlongviet.vn\/public_html\/wp-content\/uploads\/2024\/11\/home-ve-chung-toi-1-e1731469050178.png","size":"full","id":"2976","alt":"Nh\u00e0 m\u00e1y Thanh Long Vi\u1ec7t","pixels":302500,"type":"image\/png"}],"twitter_card":"summary_large_image","schema":{"@context":"https:\/\/schema.org","@graph":[{"@type":"Organization","@id":"https:\/\/thanhlongviet.vn\/#organization","name":"LI\u00caN ANH FOODS","url":"https:\/\/thanhlongviet.vn\/","sameAs":["https:\/\/www.facebook.com\/lienanhfoodsvn","https:\/\/www.youtube.com\/channel\/UCNarMQBwcqy9EW_zNSotO8w"],"logo":{"@type":"ImageObject","@id":"https:\/\/thanhlongviet.vn\/#logo","inLanguage":"en-US","url":"https:\/\/thanhlongviet.vn\/wp-content\/uploads\/2021\/08\/LAF_150x150.png","contentUrl":"https:\/\/thanhlongviet.vn\/wp-content\/uploads\/2021\/08\/LAF_150x150.png","width":150,"height":150,"caption":"LI\u00caN ANH FOODS"},"image":{"@id":"https:\/\/thanhlongviet.vn\/#logo"}},{"@type":"WebSite","@id":"https:\/\/thanhlongviet.vn\/#website","url":"https:\/\/thanhlongviet.vn\/","name":"Thanh Long Vi\u1ec7t","description":"C\u00f4ng ty TNHH Xu\u1ea5t Kh\u1ea9u Thanh Long Vi\u1ec7t \u0111\u01b0\u1ee3c th\u00e0nh l\u1eadp t\u1eeb n\u0103m 2016 v\u1edbi s\u1ee9 m\u1ec7nh th\u00fac \u0111\u1ea9y s\u1ef1 ph\u00e1t tri\u1ec3n n\u00f4ng s\u1ea3n Vi\u1ec7t Nam. V\u1edbi h\u01a1n 8 n\u0103m kinh nghi\u1ec7m trong l\u0129nh v\u1ef1c, Thanh Long Vi\u1ec7t l\u00e0 nh\u00e0 m\u00e1y ch\u1ebf bi\u1ebfn, \u0111\u00f3ng g\u00f3i, xu\u1ea5t kh\u1ea9u tr\u00e1i c\u00e2y, n\u00f4ng s\u1ea3n t\u01b0\u01a1i v\u00e0 \u0111\u00f4ng l\u1ea1nh","publisher":{"@id":"https:\/\/thanhlongviet.vn\/#organization"},"potentialAction":[{"@type":"SearchAction","target":{"@type":"EntryPoint","urlTemplate":"https:\/\/thanhlongviet.vn\/?s={search_term_string}"},"query-input":"required name=search_term_string"}],"inLanguage":"en-US"},{"@type":"ImageObject","@id":"https:\/\/thanhlongviet.vn\/en\/https-thanhlongviet-vn-lien-he\/#primaryimage","inLanguage":"en-US","url":"https:\/\/thanhlongviet.vn\/wp-content\/uploads\/2024\/11\/home-ve-chung-toi-1-e1731469050178.png","contentUrl":"https:\/\/thanhlongviet.vn\/wp-content\/uploads\/2024\/11\/home-ve-chung-toi-1-e1731469050178.png","width":550,"height":550,"caption":"Nh\u00e0 m\u00e1y Thanh Long Vi\u1ec7t"},{"@type":"WebPage","@id":"https:\/\/thanhlongviet.vn\/en\/https-thanhlongviet-vn-lien-he\/#webpage","url":"https:\/\/thanhlongviet.vn\/en\/https-thanhlongviet-vn-lien-he\/","name":"Li\u00ean h\u1ec7 - Thanh Long Vi\u1ec7t","isPartOf":{"@id":"https:\/\/thanhlongviet.vn\/#website"},"primaryImageOfPage":{"@id":"https:\/\/thanhlongviet.vn\/en\/https-thanhlongviet-vn-lien-he\/#primaryimage"},"datePublished":"2021-06-04T06:33:39+00:00","dateModified":"2024-11-19T08:16:24+00:00","description":"Li\u00ean H\u1ec7 v\u1edbi ch\u00fang t\u00f4i. G\u1eedi th\u00f4ng tin li\u00ean h\u1ec7 \u0111\u1ec3 \u0111\u01b0\u1ee3c t\u01b0 v\u1ea5n v\u00e0 gi\u1ea3i \u0111\u00e1p th\u1eafc m\u1eafc","breadcrumb":{"@id":"https:\/\/thanhlongviet.vn\/en\/https-thanhlongviet-vn-lien-he\/#breadcrumb"},"inLanguage":"en-US","potentialAction":[{"@type":"ReadAction","target":["https:\/\/thanhlongviet.vn\/en\/https-thanhlongviet-vn-lien-he\/"]}]},{"@type":"BreadcrumbList","@id":"https:\/\/thanhlongviet.vn\/en\/https-thanhlongviet-vn-lien-he\/#breadcrumb","itemListElement":[{"@type":"ListItem","position":1,"name":"Home","item":"https:\/\/thanhlongviet.vn\/en\/trang-chu\/"},{"@type":"ListItem","position":2,"name":"Li\u00ean h\u1ec7"}]}]}},"_links":{"self":[{"href":"https:\/\/thanhlongviet.vn\/en\/wp-json\/wp\/v2\/pages\/1009"}],"collection":[{"href":"https:\/\/thanhlongviet.vn\/en\/wp-json\/wp\/v2\/pages"}],"about":[{"href":"https:\/\/thanhlongviet.vn\/en\/wp-json\/wp\/v2\/types\/page"}],"author":[{"embeddable":true,"href":"https:\/\/thanhlongviet.vn\/en\/wp-json\/wp\/v2\/users\/1"}],"replies":[{"embeddable":true,"href":"https:\/\/thanhlongviet.vn\/en\/wp-json\/wp\/v2\/comments?post=1009"}],"version-history":[{"count":10,"href":"https:\/\/thanhlongviet.vn\/en\/wp-json\/wp\/v2\/pages\/1009\/revisions"}],"predecessor-version":[{"id":3055,"href":"https:\/\/thanhlongviet.vn\/en\/wp-json\/wp\/v2\/pages\/1009\/revisions\/3055"}],"wp:featuredmedia":[{"embeddable":true,"href":"https:\/\/thanhlongviet.vn\/en\/wp-json\/wp\/v2\/media\/2977"}],"wp:attachment":[{"href":"https:\/\/thanhlongviet.vn\/en\/wp-json\/wp\/v2\/media?parent=1009"}],"curies":[{"name":"wp","href":"https:\/\/api.w.org\/{rel}","templated":true}]}}